{"id":23,"date":"2022-05-09T08:05:13","date_gmt":"2022-05-09T08:05:13","guid":{"rendered":"https:\/\/masdepau.es\/en\/sobre-nosotros\/"},"modified":"2022-05-28T14:08:30","modified_gmt":"2022-05-28T14:08:30","slug":"about-us","status":"publish","type":"page","link":"https:\/\/masdepau.es\/en\/about-us\/","title":{"rendered":"About Us"},"content":{"rendered":"<div class=\"wpb-content-wrapper\"><p>[vc_row fixed_width=&#8221;true&#8221; css=&#8221;.vc_custom_1627562291998{margin-top: 0px !important;margin-bottom: 0px !important;border-top-width: 0px !important;border-bottom-width: 0px !important;padding-top: 10px !important;padding-bottom: 0px !important;}&#8221;][vc_column css=&#8221;.vc_custom_1627562322556{margin-top: 0px !important;margin-bottom: 0px !important;border-top-width: 0px !important;border-bottom-width: 0px !important;padding-top: 0px !important;padding-bottom: 0px !important;}&#8221;]<div class=\"sohohotel-fixed-height-text-image-wrapper sohohotel-clearfix\"><div class=\"sohohotel-fixed-height-text-wrapper sohohotel-fixed-height-text-wrapper-left\"><h3 class=\"sohohotel-title-28px sohohotel-clearfix sohohotel-title-left\">LA FINCA<\/h3><\/p>\n<p>En 2016 decidimos, Robin y Laura, dos belgas que estaban muy felices de intercambiar la ciudad de Gante por el campo espa\u00f1ol, de comprar una antigua masia y renovarla en apartamentos de vacaciones. Despu\u00e9s de una breve b\u00fasqueda, perdimos nuestro coraz\u00f3n por Mas de Pau, una mas\u00eda ubicada en el peque\u00f1o pueblo de Fuentespalda. En el verano de 2016, seguido el movimiento definitivo y comenzamos con entusiasmo los trabajos de renovaci\u00f3n del entonces salvaje edificio.<\/p>\n<p><\/div><div class=\"sohohotel-fixed-height-image-wrapper sohohotel-fixed-height-image-wrapper-right\"><div class=\"sohohotel-fixed-height-image\" style=\"background-image: url(https:\/\/masdepau.es\/en\/wp-content\/uploads\/sites\/2\/2022\/05\/verbouwingen1200.jpg); background-size: 600px 400px; height: 400px;\"><\/div><\/div><\/div><div class=\"sohohotel-fixed-height-text-image-wrapper sohohotel-clearfix\"><div class=\"sohohotel-fixed-height-text-wrapper sohohotel-fixed-height-text-wrapper-right\"><h3 class=\"sohohotel-title-28px sohohotel-clearfix sohohotel-title-left\">EQUIPO MAS DE PAU<\/h3><\/p>\n<p>Muchos descubrimientos, renovaciones y dos hijos m\u00e1s tarde, hemos completado la renovaci\u00f3n de nuestros 4 apartamentos rurales y estamos listos para darles la bienvenida a todos con los brazos abiertos y mucho entusiasmo.<br \/>\nBienvenido a Apartamentos Mas de Pau!<\/p>\n<p><\/div><div class=\"sohohotel-fixed-height-image-wrapper sohohotel-fixed-height-image-wrapper-left\"><div class=\"sohohotel-fixed-height-image\" style=\"background-image: url(https:\/\/masdepau.es\/en\/wp-content\/uploads\/sites\/2\/2022\/05\/FAMILIE1-200.jpg); background-size: 600px 400px; height: 400px;\"><\/div><\/div><\/div><div class=\"sohohotel-fixed-height-text-image-wrapper sohohotel-clearfix\"><div class=\"sohohotel-fixed-height-text-wrapper sohohotel-fixed-height-text-wrapper-left\"><h3 class=\"sohohotel-title-28px sohohotel-clearfix sohohotel-title-left\">EL ENTORNO<\/h3><\/p>\n<p>Apartamentos Mas de Pau est\u00e1 situado en una antigua mas\u00eda que fue renovada en 2016. La mas\u00eda consta de 4 apartamentos de alquiler vacacional, que se pueden alquilar por separado o juntos. Hay dos apartamentos de dos dormitorios y dos apartamentos de un dormitorio y un sof\u00e1 cama en el sal\u00f3n. Todos los apartamentos tienen una entrada privada y una peque\u00f1a terraza.<\/p>\n<p>La finca de 6 hect\u00e1reas con olivos y almendros est\u00e1 en medio de la monta\u00f1a, a solo 1,3 km del peque\u00f1o pueblo de Fuentespalda.<\/p>\n<p><\/div><div class=\"sohohotel-fixed-height-image-wrapper sohohotel-fixed-height-image-wrapper-right\"><div class=\"sohohotel-fixed-height-image\" style=\"background-image: url(https:\/\/masdepau.es\/en\/wp-content\/uploads\/sites\/2\/2022\/05\/drone.jpg); background-size: 600px 400px; height: 400px;\"><\/div><\/div><\/div><div class=\"sohohotel-fixed-height-text-image-wrapper sohohotel-clearfix\"><div class=\"sohohotel-fixed-height-text-wrapper sohohotel-fixed-height-text-wrapper-right\"><h3 class=\"sohohotel-title-28px sohohotel-clearfix sohohotel-title-left\">PRECIOSO MATARRA\u00d1A<\/h3><\/p>\n<p>La comarca del Matarra\u00f1a se caracteriza por sus acogedores pueblos y la diversidad de su naturaleza. La mas\u00eda tiene buenas vistas sobre las monta\u00f1as del parque natural Els Ports. Desde la casa se puede practicar senderismo, escalada, bicicleta de monta\u00f1a, paseos a caballo. La ruta GR pasa por la finca y la V\u00eda Ferrata comienza a escasos 100 m. Muy cerca tambi\u00e9n se encuentran las cuevas de la Coveta de l\u2019Aigua. Los hu\u00e9spedes tambi\u00e9n pueden disfrutar de las diversas terrazas de olivos y almendros o jugar una partida de petanca en el recinto. Hay una gran terraza con mesa de comedor, sol\u00e1rium y zona de relax, perfecta para disfrutar de la puesta de sol.<\/p>\n<p><\/div><div class=\"sohohotel-fixed-height-image-wrapper sohohotel-fixed-height-image-wrapper-left\"><div class=\"sohohotel-fixed-height-image\" style=\"background-image: url(https:\/\/masdepau.es\/en\/wp-content\/uploads\/sites\/2\/2022\/05\/santuario.jpg); background-size: 600px 400px; height: 400px;\"><\/div><\/div><\/div>[\/vc_column][\/vc_row][vc_row css=&#8221;.vc_custom_1627553435640{margin-top: 0px !important;margin-right: 0px !important;margin-bottom: 45px !important;margin-left: 0px !important;border-top-width: 0px !important;border-right-width: 0px !important;border-bottom-width: 0px !important;border-left-width: 0px !important;padding-top: 0px !important;padding-right: 0px !important;padding-bottom: 0px !important;padding-left: 0px !important;}&#8221;][vc_column css=&#8221;.vc_custom_1627553414681{margin-top: 0px !important;margin-right: 0px !important;margin-bottom: 0px !important;margin-left: 0px !important;border-top-width: 0px !important;border-right-width: 0px !important;border-bottom-width: 0px !important;border-left-width: 0px !important;padding-top: 0px !important;padding-right: 0px !important;padding-bottom: 0px !important;padding-left: 0px !important;}&#8221;][vc_separator color=&#8221;custom&#8221; accent_color=&#8221;#dedede&#8221;][\/vc_column][\/vc_row][vc_row css=&#8221;.vc_custom_1627562303197{margin-top: 0px !important;margin-bottom: 10px !important;border-top-width: 0px !important;border-bottom-width: 0px !important;padding-top: 0px !important;padding-bottom: 0px !important;}&#8221;][vc_column css=&#8221;.vc_custom_1627562333686{margin-top: 0px !important;margin-bottom: 0px !important;border-top-width: 0px !important;border-bottom-width: 0px !important;padding-top: 0px !important;padding-bottom: 0px !important;}&#8221;]<h3 class=\"sohohotel-title-28px sohohotel-clearfix sohohotel-title-center\">Comodidades<\/h3>[vc_empty_space height=&#8221;20px&#8221;]<section class=\"sohohotel-icon-text-wrapper-1 sohohotel-clearfix\"><div class=\"sohohotel-icon-text-block sohohotel-clearfix\">\n\t\t<div class=\"sohohotel-icon\"><i class=\"fas fa-binoculars\"><\/i><\/div>\n\t\t<div class=\"sohohotel-text\">\n\t\t\t<h4>Vistas incre\u00edbles<\/h4>\n\t\t\t<p>Disfruta de hermosas vistas a la monta\u00f1a y puestas de sol en todos los colores.<\/p>\n\t\t<\/div>\n\t\t<\/div><div class=\"sohohotel-icon-text-block sohohotel-clearfix\">\n\t\t<div class=\"sohohotel-icon\"><i class=\"fas fa-swimming-pool\"><\/i><\/div>\n\t\t<div class=\"sohohotel-text\">\n\t\t\t<h4>Piscina natural<\/h4>\n\t\t\t<p>En julio y agosto podr\u00e1s ba\u00f1arte en nuestra piscina natural.<\/p>\n\t\t<\/div>\n\t\t<\/div><div class=\"sohohotel-icon-text-block sohohotel-clearfix\">\n\t\t<div class=\"sohohotel-icon\"><i class=\"fas fa-child\"><\/i><\/div>\n\t\t<div class=\"sohohotel-text\">\n\t\t\t<h4>Parque infantil<\/h4>\n\t\t\t<p>Un columpio, toboganes, arenero y cama el\u00e1stica... Tus peque\u00f1os no se aburrir\u00e1n. Y para los m\u00e1s grandes hay una zona de petanca.<\/p>\n\t\t<\/div>\n\t\t<\/div><div class=\"sohohotel-icon-text-block sohohotel-clearfix\">\n\t\t<div class=\"sohohotel-icon\"><i class=\"fas fa-map-marked-alt\"><\/i><\/div>\n\t\t<div class=\"sohohotel-text\">\n\t\t\t<h4>La ubicaci\u00f3n central<\/h4>\n\t\t\t<p>Visita los destinos m\u00e1s populares como Morella, Beceite, Valderrobres y Cretas desde Mas de Pau.<\/p>\n\t\t<\/div>\n\t\t<\/div><\/section>[\/vc_column][\/vc_row]<\/p>\n<\/div>","protected":false},"excerpt":{"rendered":"<p>[vc_row fixed_width=&#8221;true&#8221; css=&#8221;.vc_custom_1627562291998{margin-top: 0px !important;margin-bottom: 0px !important;border-top-width: 0px !important;border-bottom-width: 0px !important;padding-top: 10px !important;padding-bottom: 0px !important;}&#8221;][vc_column css=&#8221;.vc_custom_1627562322556{margin-top: 0px !important;margin-bottom: 0px !important;border-top-width: 0px !important;border-bottom-width: 0px !important;padding-top: 0px !important;padding-bottom: 0px !important;}&#8221;][\/vc_column][\/vc_row][vc_row css=&#8221;.vc_custom_1627553435640{margin-top: 0px !important;margin-right: 0px !important;margin-bottom: 45px !important;margin-left: 0px !important;border-top-width: 0px !important;border-right-width: 0px !important;border-bottom-width: 0px !important;border-left-width: 0px !important;padding-top: 0px !important;padding-right: 0px !important;padding-bottom: 0px !important;padding-left: 0px !important;}&#8221;][vc_column css=&#8221;.vc_custom_1627553414681{margin-top: 0px<\/p>\n<a href=\"https:\/\/masdepau.es\/en\/about-us\/\" class=\"sohohotel-more-link\">Read More<\/a>","protected":false},"author":1,"featured_media":0,"parent":0,"menu_order":0,"comment_status":"closed","ping_status":"closed","template":"","meta":{"footnotes":""},"class_list":["post-23","page","type-page","status-publish","hentry"],"yoast_head":"<!-- This site is optimized with the Yoast SEO plugin v26.3 - https:\/\/yoast.com\/wordpress\/plugins\/seo\/ -->\n<title>About Us - Apartments Mas de Pau<\/title>\n<meta name=\"robots\" content=\"index, follow, max-snippet:-1, max-image-preview:large, max-video-preview:-1\" \/>\n<link rel=\"canonical\" href=\"https:\/\/masdepau.es\/en\/about-us\/\" \/>\n<meta property=\"og:locale\" content=\"en_US\" \/>\n<meta property=\"og:type\" content=\"article\" \/>\n<meta property=\"og:title\" content=\"About Us - Apartments Mas de Pau\" \/>\n<meta property=\"og:description\" content=\"[vc_row fixed_width=&#8221;true&#8221; css=&#8221;.vc_custom_1627562291998{margin-top: 0px !important;margin-bottom: 0px !important;border-top-width: 0px !important;border-bottom-width: 0px !important;padding-top: 10px !important;padding-bottom: 0px !important;}&#8221;][vc_column css=&#8221;.vc_custom_1627562322556{margin-top: 0px !important;margin-bottom: 0px !important;border-top-width: 0px !important;border-bottom-width: 0px !important;padding-top: 0px !important;padding-bottom: 0px !important;}&#8221;][\/vc_column][\/vc_row][vc_row css=&#8221;.vc_custom_1627553435640{margin-top: 0px !important;margin-right: 0px !important;margin-bottom: 45px !important;margin-left: 0px !important;border-top-width: 0px !important;border-right-width: 0px !important;border-bottom-width: 0px !important;border-left-width: 0px !important;padding-top: 0px !important;padding-right: 0px !important;padding-bottom: 0px !important;padding-left: 0px !important;}&#8221;][vc_column css=&#8221;.vc_custom_1627553414681{margin-top: 0px\" \/>\n<meta property=\"og:url\" content=\"https:\/\/masdepau.es\/en\/about-us\/\" \/>\n<meta property=\"og:site_name\" content=\"Apartments Mas de Pau\" \/>\n<meta property=\"article:modified_time\" content=\"2022-05-28T14:08:30+00:00\" \/>\n<meta name=\"twitter:card\" content=\"summary_large_image\" \/>\n<meta name=\"twitter:label1\" content=\"Est. reading time\" \/>\n\t<meta name=\"twitter:data1\" content=\"4 minutes\" \/>\n<script type=\"application\/ld+json\" class=\"yoast-schema-graph\">{\"@context\":\"https:\/\/schema.org\",\"@graph\":[{\"@type\":\"WebPage\",\"@id\":\"https:\/\/masdepau.es\/en\/about-us\/\",\"url\":\"https:\/\/masdepau.es\/en\/about-us\/\",\"name\":\"About Us - Apartments Mas de Pau\",\"isPartOf\":{\"@id\":\"https:\/\/masdepau.es\/en\/#website\"},\"datePublished\":\"2022-05-09T08:05:13+00:00\",\"dateModified\":\"2022-05-28T14:08:30+00:00\",\"breadcrumb\":{\"@id\":\"https:\/\/masdepau.es\/en\/about-us\/#breadcrumb\"},\"inLanguage\":\"en-US\",\"potentialAction\":[{\"@type\":\"ReadAction\",\"target\":[\"https:\/\/masdepau.es\/en\/about-us\/\"]}]},{\"@type\":\"BreadcrumbList\",\"@id\":\"https:\/\/masdepau.es\/en\/about-us\/#breadcrumb\",\"itemListElement\":[{\"@type\":\"ListItem\",\"position\":1,\"name\":\"Portada\",\"item\":\"https:\/\/masdepau.es\/en\/\"},{\"@type\":\"ListItem\",\"position\":2,\"name\":\"About Us\"}]},{\"@type\":\"WebSite\",\"@id\":\"https:\/\/masdepau.es\/en\/#website\",\"url\":\"https:\/\/masdepau.es\/en\/\",\"name\":\"Apartments Mas de Pau\",\"description\":\"Rural Apartments in the middle of the nature of the Matarra\u00f1a\",\"potentialAction\":[{\"@type\":\"SearchAction\",\"target\":{\"@type\":\"EntryPoint\",\"urlTemplate\":\"https:\/\/masdepau.es\/en\/?s={search_term_string}\"},\"query-input\":{\"@type\":\"PropertyValueSpecification\",\"valueRequired\":true,\"valueName\":\"search_term_string\"}}],\"inLanguage\":\"en-US\"}]}<\/script>\n<!-- \/ Yoast SEO plugin. -->","yoast_head_json":{"title":"About Us - Apartments Mas de Pau","robots":{"index":"index","follow":"follow","max-snippet":"max-snippet:-1","max-image-preview":"max-image-preview:large","max-video-preview":"max-video-preview:-1"},"canonical":"https:\/\/masdepau.es\/en\/about-us\/","og_locale":"en_US","og_type":"article","og_title":"About Us - Apartments Mas de Pau","og_description":"[vc_row fixed_width=&#8221;true&#8221; css=&#8221;.vc_custom_1627562291998{margin-top: 0px !important;margin-bottom: 0px !important;border-top-width: 0px !important;border-bottom-width: 0px !important;padding-top: 10px !important;padding-bottom: 0px !important;}&#8221;][vc_column css=&#8221;.vc_custom_1627562322556{margin-top: 0px !important;margin-bottom: 0px !important;border-top-width: 0px !important;border-bottom-width: 0px !important;padding-top: 0px !important;padding-bottom: 0px !important;}&#8221;][\/vc_column][\/vc_row][vc_row css=&#8221;.vc_custom_1627553435640{margin-top: 0px !important;margin-right: 0px !important;margin-bottom: 45px !important;margin-left: 0px !important;border-top-width: 0px !important;border-right-width: 0px !important;border-bottom-width: 0px !important;border-left-width: 0px !important;padding-top: 0px !important;padding-right: 0px !important;padding-bottom: 0px !important;padding-left: 0px !important;}&#8221;][vc_column css=&#8221;.vc_custom_1627553414681{margin-top: 0px","og_url":"https:\/\/masdepau.es\/en\/about-us\/","og_site_name":"Apartments Mas de Pau","article_modified_time":"2022-05-28T14:08:30+00:00","twitter_card":"summary_large_image","twitter_misc":{"Est. reading time":"4 minutes"},"schema":{"@context":"https:\/\/schema.org","@graph":[{"@type":"WebPage","@id":"https:\/\/masdepau.es\/en\/about-us\/","url":"https:\/\/masdepau.es\/en\/about-us\/","name":"About Us - Apartments Mas de Pau","isPartOf":{"@id":"https:\/\/masdepau.es\/en\/#website"},"datePublished":"2022-05-09T08:05:13+00:00","dateModified":"2022-05-28T14:08:30+00:00","breadcrumb":{"@id":"https:\/\/masdepau.es\/en\/about-us\/#breadcrumb"},"inLanguage":"en-US","potentialAction":[{"@type":"ReadAction","target":["https:\/\/masdepau.es\/en\/about-us\/"]}]},{"@type":"BreadcrumbList","@id":"https:\/\/masdepau.es\/en\/about-us\/#breadcrumb","itemListElement":[{"@type":"ListItem","position":1,"name":"Portada","item":"https:\/\/masdepau.es\/en\/"},{"@type":"ListItem","position":2,"name":"About Us"}]},{"@type":"WebSite","@id":"https:\/\/masdepau.es\/en\/#website","url":"https:\/\/masdepau.es\/en\/","name":"Apartments Mas de Pau","description":"Rural Apartments in the middle of the nature of the Matarra\u00f1a","potentialAction":[{"@type":"SearchAction","target":{"@type":"EntryPoint","urlTemplate":"https:\/\/masdepau.es\/en\/?s={search_term_string}"},"query-input":{"@type":"PropertyValueSpecification","valueRequired":true,"valueName":"search_term_string"}}],"inLanguage":"en-US"}]}},"_links":{"self":[{"href":"https:\/\/masdepau.es\/en\/wp-json\/wp\/v2\/pages\/23","targetHints":{"allow":["GET"]}}],"collection":[{"href":"https:\/\/masdepau.es\/en\/wp-json\/wp\/v2\/pages"}],"about":[{"href":"https:\/\/masdepau.es\/en\/wp-json\/wp\/v2\/types\/page"}],"author":[{"embeddable":true,"href":"https:\/\/masdepau.es\/en\/wp-json\/wp\/v2\/users\/1"}],"replies":[{"embeddable":true,"href":"https:\/\/masdepau.es\/en\/wp-json\/wp\/v2\/comments?post=23"}],"version-history":[{"count":6,"href":"https:\/\/masdepau.es\/en\/wp-json\/wp\/v2\/pages\/23\/revisions"}],"predecessor-version":[{"id":74,"href":"https:\/\/masdepau.es\/en\/wp-json\/wp\/v2\/pages\/23\/revisions\/74"}],"wp:attachment":[{"href":"https:\/\/masdepau.es\/en\/wp-json\/wp\/v2\/media?parent=23"}],"curies":[{"name":"wp","href":"https:\/\/api.w.org\/{rel}","templated":true}]}}